{"id":2628,"date":"2023-07-31T15:50:46","date_gmt":"2023-07-31T15:50:46","guid":{"rendered":"http:\/\/2023.papierkarl.de\/imprint\/"},"modified":"2024-05-06T10:35:53","modified_gmt":"2024-05-06T10:35:53","slug":"imprint","status":"publish","type":"page","link":"https:\/\/papierkarl.de\/en\/imprint\/","title":{"rendered":"Imprint"},"content":{"rendered":"\t\t<div data-elementor-type=\"wp-page\" data-elementor-id=\"2628\" class=\"elementor elementor-2628 elementor-155\" data-elementor-post-type=\"page\">\n\t\t\t\t<div class=\"elementor-element elementor-element-cdb977a e-con-full e-flex e-con e-parent\" data-id=\"cdb977a\" data-element_type=\"container\" data-settings=\"{&quot;background_background&quot;:&quot;classic&quot;}\">\n\t\t\t\t<div class=\"elementor-element elementor-element-8ca1761 elementor-widget elementor-widget-heading\" data-id=\"8ca1761\" data-element_type=\"widget\" data-widget_type=\"heading.default\">\n\t\t\t\t<div class=\"elementor-widget-container\">\n\t\t\t\t\t<h1 class=\"elementor-heading-title elementor-size-default\">Papier Karl - Imprint<\/h1>\t\t\t\t<\/div>\n\t\t\t\t<\/div>\n\t\t\t\t<\/div>\n\t\t<div class=\"elementor-element elementor-element-25d3d1f e-con-full e-flex e-con e-parent\" data-id=\"25d3d1f\" data-element_type=\"container\" data-settings=\"{&quot;background_background&quot;:&quot;classic&quot;}\">\n\t\t\t\t<div class=\"elementor-element elementor-element-71c26f6 elementor-widget elementor-widget-heading\" data-id=\"71c26f6\" data-element_type=\"widget\" data-widget_type=\"heading.default\">\n\t\t\t\t<div class=\"elementor-widget-container\">\n\t\t\t\t\t<div class=\"elementor-heading-title elementor-size-default\">Angaben gem\u00e4\u00df \u00a7 5 TMG:<\/div>\t\t\t\t<\/div>\n\t\t\t\t<\/div>\n\t\t\t\t<div class=\"elementor-element elementor-element-7b7bed9 elementor-widget elementor-widget-text-editor\" data-id=\"7b7bed9\" data-element_type=\"widget\" data-widget_type=\"text-editor.default\">\n\t\t\t\t<div class=\"elementor-widget-container\">\n\t\t\t\t\t\t\t\t\t<p>Papier Karl GmbH &amp; Co. Vertriebs-KG<br \/>Rottmanner Stra\u00dfe 1+3<br \/>85457 W\u00f6rth\/H\u00f6rlkofen<\/p>\t\t\t\t\t\t\t\t<\/div>\n\t\t\t\t<\/div>\n\t\t\t\t<div class=\"elementor-element elementor-element-d06018b elementor-widget elementor-widget-heading\" data-id=\"d06018b\" data-element_type=\"widget\" data-widget_type=\"heading.default\">\n\t\t\t\t<div class=\"elementor-widget-container\">\n\t\t\t\t\t<div class=\"elementor-heading-title elementor-size-default\">vertreten durch die pers\u00f6nlich haftende Gesellschafterin:<\/div>\t\t\t\t<\/div>\n\t\t\t\t<\/div>\n\t\t\t\t<div class=\"elementor-element elementor-element-a8d6dfa elementor-widget elementor-widget-text-editor\" data-id=\"a8d6dfa\" data-element_type=\"widget\" data-widget_type=\"text-editor.default\">\n\t\t\t\t<div class=\"elementor-widget-container\">\n\t\t\t\t\t\t\t\t\t<p>Papier-Karl GmbH, Registergericht: Amtsgericht M\u00fcnchen, HRB: 68125.<br \/>Diese wird ihrerseits vertreten durch den Gesch\u00e4ftsf\u00fchrer: Robert Karl<\/p>\n\t\t\t\t\t\t\t\t<\/div>\n\t\t\t\t<\/div>\n\t\t\t\t<div class=\"elementor-element elementor-element-cc42015 elementor-widget elementor-widget-heading\" data-id=\"cc42015\" data-element_type=\"widget\" data-widget_type=\"heading.default\">\n\t\t\t\t<div class=\"elementor-widget-container\">\n\t\t\t\t\t<div class=\"elementor-heading-title elementor-size-default\">Kontakt:<\/div>\t\t\t\t<\/div>\n\t\t\t\t<\/div>\n\t\t\t\t<div class=\"elementor-element elementor-element-c72565b elementor-widget elementor-widget-text-editor\" data-id=\"c72565b\" data-element_type=\"widget\" data-widget_type=\"text-editor.default\">\n\t\t\t\t<div class=\"elementor-widget-container\">\n\t\t\t\t\t\t\t\t\t<p>Telefon: +49 (0) 81 22 \/ 86 88 6-0<br \/>Telefax: +49 (0) 81 22 \/ 86 88 6-88<br \/>E-Mail: <a href=\"mailto:info@papierkarl.de\">info@papierkarl.de<\/a><\/p>\n\t\t\t\t\t\t\t\t<\/div>\n\t\t\t\t<\/div>\n\t\t\t\t<div class=\"elementor-element elementor-element-4f2ab50 elementor-widget elementor-widget-heading\" data-id=\"4f2ab50\" data-element_type=\"widget\" data-widget_type=\"heading.default\">\n\t\t\t\t<div class=\"elementor-widget-container\">\n\t\t\t\t\t<div class=\"elementor-heading-title elementor-size-default\">Registereintrag:<\/div>\t\t\t\t<\/div>\n\t\t\t\t<\/div>\n\t\t\t\t<div class=\"elementor-element elementor-element-19555b3 elementor-widget elementor-widget-text-editor\" data-id=\"19555b3\" data-element_type=\"widget\" data-widget_type=\"text-editor.default\">\n\t\t\t\t<div class=\"elementor-widget-container\">\n\t\t\t\t\t\t\t\t\t<p>Eintragung im Handelsregister<br \/>Registergericht: Amtsgericht M\u00fcnchen<br \/>Registernummer: HRA 41 450<\/p>\n\t\t\t\t\t\t\t\t<\/div>\n\t\t\t\t<\/div>\n\t\t\t\t<div class=\"elementor-element elementor-element-3128d5c elementor-widget elementor-widget-heading\" data-id=\"3128d5c\" data-element_type=\"widget\" data-widget_type=\"heading.default\">\n\t\t\t\t<div class=\"elementor-widget-container\">\n\t\t\t\t\t<div class=\"elementor-heading-title elementor-size-default\">Umsatzsteuer:<\/div>\t\t\t\t<\/div>\n\t\t\t\t<\/div>\n\t\t\t\t<div class=\"elementor-element elementor-element-61eef1d elementor-widget elementor-widget-text-editor\" data-id=\"61eef1d\" data-element_type=\"widget\" data-widget_type=\"text-editor.default\">\n\t\t\t\t<div class=\"elementor-widget-container\">\n\t\t\t\t\t\t\t\t\t<p>Umsatzsteuer-Identifikationsnummer gem\u00e4\u00df \u00a727 a Umsatzsteuergesetz:<br \/>DE130256886<\/p>\n\t\t\t\t\t\t\t\t<\/div>\n\t\t\t\t<\/div>\n\t\t\t\t<div class=\"elementor-element elementor-element-ec4ad1f elementor-widget elementor-widget-heading\" data-id=\"ec4ad1f\" data-element_type=\"widget\" data-widget_type=\"heading.default\">\n\t\t\t\t<div class=\"elementor-widget-container\">\n\t\t\t\t\t<div class=\"elementor-heading-title elementor-size-default\">Streitschlichtung<\/div>\t\t\t\t<\/div>\n\t\t\t\t<\/div>\n\t\t\t\t<div class=\"elementor-element elementor-element-b34fbee elementor-widget elementor-widget-text-editor\" data-id=\"b34fbee\" data-element_type=\"widget\" data-widget_type=\"text-editor.default\">\n\t\t\t\t<div class=\"elementor-widget-container\">\n\t\t\t\t\t\t\t\t\t<p>Die Europ\u00e4ische Kommission stellt eine Plattform zur Online-Streitbeilegung (OS) bereit: <a href=\"https:\/\/ec.europa.eu\/consumers\/odr\" target=\"_blank\" rel=\"noopener noreferrer\">https:\/\/ec.europa.eu\/consumers\/odr<\/a>.<br \/>Unsere E-Mail-Adresse finden Sie oben im Impressum.<\/p>\n<p>Wir sind nicht bereit oder verpflichtet, an Streitbeilegungsverfahren vor einer Verbraucherschlichtungsstelle teilzunehmen.<\/p>\n\t\t\t\t\t\t\t\t<\/div>\n\t\t\t\t<\/div>\n\t\t\t\t<div class=\"elementor-element elementor-element-76e8b8e elementor-widget elementor-widget-heading\" data-id=\"76e8b8e\" data-element_type=\"widget\" data-widget_type=\"heading.default\">\n\t\t\t\t<div class=\"elementor-widget-container\">\n\t\t\t\t\t<div class=\"elementor-heading-title elementor-size-default\">Haftung f\u00fcr Inhalte<\/div>\t\t\t\t<\/div>\n\t\t\t\t<\/div>\n\t\t\t\t<div class=\"elementor-element elementor-element-bf95256 elementor-widget elementor-widget-text-editor\" data-id=\"bf95256\" data-element_type=\"widget\" data-widget_type=\"text-editor.default\">\n\t\t\t\t<div class=\"elementor-widget-container\">\n\t\t\t\t\t\t\t\t\t<p>Als Diensteanbieter sind wir gem\u00e4\u00df \u00a7 7 Abs.1 TMG f\u00fcr eigene Inhalte auf diesen Seiten nach den allgemeinen Gesetzen verantwortlich. Nach \u00a7\u00a7 8 bis 10 TMG sind wir als Diensteanbieter jedoch nicht verpflichtet, \u00fcbermittelte oder gespeicherte fremde Informationen zu \u00fcberwachen oder nach Umst\u00e4nden zu forschen, die auf eine rechtswidrige T\u00e4tigkeit hinweisen.<\/p>\n<p>Verpflichtungen zur Entfernung oder Sperrung der Nutzung von Informationen nach den allgemeinen Gesetzen bleiben hiervon unber\u00fchrt. Eine diesbez\u00fcgliche Haftung ist jedoch erst ab dem Zeitpunkt der Kenntnis einer konkreten Rechtsverletzung m\u00f6glich. Bei Bekanntwerden von entsprechenden Rechtsverletzungen werden wir diese Inhalte umgehend entfernen.<\/p>\n\t\t\t\t\t\t\t\t<\/div>\n\t\t\t\t<\/div>\n\t\t\t\t<div class=\"elementor-element elementor-element-1b99309 elementor-widget elementor-widget-heading\" data-id=\"1b99309\" data-element_type=\"widget\" data-widget_type=\"heading.default\">\n\t\t\t\t<div class=\"elementor-widget-container\">\n\t\t\t\t\t<div class=\"elementor-heading-title elementor-size-default\">Haftung f\u00fcr Links<\/div>\t\t\t\t<\/div>\n\t\t\t\t<\/div>\n\t\t\t\t<div class=\"elementor-element elementor-element-4b623ae elementor-widget elementor-widget-text-editor\" data-id=\"4b623ae\" data-element_type=\"widget\" data-widget_type=\"text-editor.default\">\n\t\t\t\t<div class=\"elementor-widget-container\">\n\t\t\t\t\t\t\t\t\t<p>Unser Angebot enth\u00e4lt Links zu externen Websites Dritter, auf deren Inhalte wir keinen Einfluss haben. Deshalb k\u00f6nnen wir f\u00fcr diese fremden Inhalte auch keine Gew\u00e4hr \u00fcbernehmen. F\u00fcr die Inhalte der verlinkten Seiten ist stets der jeweilige Anbieter oder Betreiber der Seiten verantwortlich. Die verlinkten Seiten wurden zum Zeitpunkt der Verlinkung auf m\u00f6gliche Rechtsverst\u00f6\u00dfe \u00fcberpr\u00fcft. Rechtswidrige Inhalte waren zum Zeitpunkt der Verlinkung nicht erkennbar.<\/p>\n<p>Eine permanente inhaltliche Kontrolle der verlinkten Seiten ist jedoch ohne konkrete Anhaltspunkte einer Rechtsverletzung nicht zumutbar. Bei Bekanntwerden von Rechtsverletzungen werden wir derartige Links umgehend entfernen.<\/p>\n\t\t\t\t\t\t\t\t<\/div>\n\t\t\t\t<\/div>\n\t\t\t\t<div class=\"elementor-element elementor-element-ed21cf7 elementor-widget elementor-widget-heading\" data-id=\"ed21cf7\" data-element_type=\"widget\" data-widget_type=\"heading.default\">\n\t\t\t\t<div class=\"elementor-widget-container\">\n\t\t\t\t\t<div class=\"elementor-heading-title elementor-size-default\">Urheberrecht<\/div>\t\t\t\t<\/div>\n\t\t\t\t<\/div>\n\t\t\t\t<div class=\"elementor-element elementor-element-8f4e9b8 elementor-widget elementor-widget-text-editor\" data-id=\"8f4e9b8\" data-element_type=\"widget\" data-widget_type=\"text-editor.default\">\n\t\t\t\t<div class=\"elementor-widget-container\">\n\t\t\t\t\t\t\t\t\t<p>Die durch die Seitenbetreiber erstellten Inhalte und Werke auf diesen Seiten unterliegen dem deutschen Urheberrecht. Die Vervielf\u00e4ltigung, Bearbeitung, Verbreitung und jede Art der Verwertung au\u00dferhalb der Grenzen des Urheberrechtes bed\u00fcrfen der schriftlichen Zustimmung des jeweiligen Autors bzw. Erstellers. Downloads und Kopien dieser Seite sind nur f\u00fcr den privaten, nicht kommerziellen Gebrauch gestattet.<\/p>\n<p>Soweit die Inhalte auf dieser Seite nicht vom Betreiber erstellt wurden, werden die Urheberrechte Dritter beachtet. Insbesondere werden Inhalte Dritter als solche gekennzeichnet. Sollten Sie trotzdem auf eine Urheberrechtsverletzung aufmerksam werden, bitten wir um einen entsprechenden Hinweis. Bei Bekanntwerden von Rechtsverletzungen werden wir derartige Inhalte umgehend entfernen.<\/p>\n\t\t\t\t\t\t\t\t<\/div>\n\t\t\t\t<\/div>\n\t\t\t\t<div class=\"elementor-element elementor-element-418c50e elementor-widget elementor-widget-heading\" data-id=\"418c50e\" data-element_type=\"widget\" data-widget_type=\"heading.default\">\n\t\t\t\t<div class=\"elementor-widget-container\">\n\t\t\t\t\t<div class=\"elementor-heading-title elementor-size-default\">Konzept, Design, Umsetzung, Programmierung<\/div>\t\t\t\t<\/div>\n\t\t\t\t<\/div>\n\t\t\t\t<div class=\"elementor-element elementor-element-502d062 elementor-widget elementor-widget-text-editor\" data-id=\"502d062\" data-element_type=\"widget\" data-widget_type=\"text-editor.default\">\n\t\t\t\t<div class=\"elementor-widget-container\">\n\t\t\t\t\t\t\t\t\t<p>Immagine GmbH<br \/>Werbeagentur M\u00fcnchen f\u00fcr Kommunikation und Marketing<br \/>Internet: <a href=\"http:\/\/www.immagine.de\/\" target=\"_blank\" rel=\"noopener\">www.immagine.de<\/a><br \/>E-Mail: <a href=\"mailto:kontakt@immagine.de\">kontakt@immagine.de<\/a><\/p>\n\t\t\t\t\t\t\t\t<\/div>\n\t\t\t\t<\/div>\n\t\t\t\t<\/div>\n\t\t\t\t<\/div>\n\t\t","protected":false},"excerpt":{"rendered":"<p>Papier Karl &#8211; Imprint Angaben gem\u00e4\u00df \u00a7 5 TMG: Papier Karl GmbH &amp; Co. Vertriebs-KGRottmanner Stra\u00dfe 1+385457 W\u00f6rth\/H\u00f6rlkofen vertreten durch die pers\u00f6nlich haftende Gesellschafterin: Papier-Karl GmbH, Registergericht: Amtsgericht M\u00fcnchen, HRB: 68125.Diese wird ihrerseits vertreten durch den Gesch\u00e4ftsf\u00fchrer: Robert Karl Kontakt: Telefon: +49 (0) 81 22 \/ 86 88 6-0Telefax: +49 (0) 81 22 \/ 86 [&hellip;]<\/p>\n","protected":false},"author":2,"featured_media":0,"parent":0,"menu_order":0,"comment_status":"closed","ping_status":"closed","template":"","meta":{"footnotes":""},"class_list":["post-2628","page","type-page","status-publish","hentry"],"yoast_head":"<!-- This site is optimized with the Yoast SEO plugin v25.0 - https:\/\/yoast.com\/wordpress\/plugins\/seo\/ -->\n<title>Imprint - Papier Karl GmbH &amp; Co. KG - Kartonagenfabrik und Verpackungsgro\u00dfhandel<\/title>\n<meta name=\"robots\" content=\"index, follow, max-snippet:-1, max-image-preview:large, max-video-preview:-1\" \/>\n<link rel=\"canonical\" href=\"https:\/\/papierkarl.de\/en\/imprint\/\" \/>\n<meta property=\"og:locale\" content=\"en_US\" \/>\n<meta property=\"og:type\" content=\"article\" \/>\n<meta property=\"og:title\" content=\"Imprint - Papier Karl GmbH &amp; Co. KG - Kartonagenfabrik und Verpackungsgro\u00dfhandel\" \/>\n<meta property=\"og:description\" content=\"Papier Karl &#8211; Imprint Angaben gem\u00e4\u00df \u00a7 5 TMG: Papier Karl GmbH &amp; Co. Vertriebs-KGRottmanner Stra\u00dfe 1+385457 W\u00f6rth\/H\u00f6rlkofen vertreten durch die pers\u00f6nlich haftende Gesellschafterin: Papier-Karl GmbH, Registergericht: Amtsgericht M\u00fcnchen, HRB: 68125.Diese wird ihrerseits vertreten durch den Gesch\u00e4ftsf\u00fchrer: Robert Karl Kontakt: Telefon: +49 (0) 81 22 \/ 86 88 6-0Telefax: +49 (0) 81 22 \/ 86 [&hellip;]\" \/>\n<meta property=\"og:url\" content=\"https:\/\/papierkarl.de\/en\/imprint\/\" \/>\n<meta property=\"og:site_name\" content=\"Papier Karl GmbH &amp; Co. KG - Kartonagenfabrik und Verpackungsgro\u00dfhandel\" \/>\n<meta property=\"article:publisher\" content=\"https:\/\/www.facebook.com\/Kartonagenfabrik\/\" \/>\n<meta property=\"article:modified_time\" content=\"2024-05-06T10:35:53+00:00\" \/>\n<meta name=\"twitter:card\" content=\"summary_large_image\" \/>\n<script type=\"application\/ld+json\" class=\"yoast-schema-graph\">{\"@context\":\"https:\/\/schema.org\",\"@graph\":[{\"@type\":\"WebPage\",\"@id\":\"https:\/\/papierkarl.de\/en\/imprint\/\",\"url\":\"https:\/\/papierkarl.de\/en\/imprint\/\",\"name\":\"Imprint - Papier Karl GmbH & Co. KG - Kartonagenfabrik und Verpackungsgro\u00dfhandel\",\"isPartOf\":{\"@id\":\"https:\/\/papierkarl.de\/en\/#website\"},\"datePublished\":\"2023-07-31T15:50:46+00:00\",\"dateModified\":\"2024-05-06T10:35:53+00:00\",\"breadcrumb\":{\"@id\":\"https:\/\/papierkarl.de\/en\/imprint\/#breadcrumb\"},\"inLanguage\":\"en-US\",\"potentialAction\":[{\"@type\":\"ReadAction\",\"target\":[\"https:\/\/papierkarl.de\/en\/imprint\/\"]}]},{\"@type\":\"BreadcrumbList\",\"@id\":\"https:\/\/papierkarl.de\/en\/imprint\/#breadcrumb\",\"itemListElement\":[{\"@type\":\"ListItem\",\"position\":1,\"name\":\"Startseite\",\"item\":\"https:\/\/papierkarl.de\/en\/\"},{\"@type\":\"ListItem\",\"position\":2,\"name\":\"Imprint\"}]},{\"@type\":\"WebSite\",\"@id\":\"https:\/\/papierkarl.de\/en\/#website\",\"url\":\"https:\/\/papierkarl.de\/en\/\",\"name\":\"Papier Karl GmbH &amp; Co. KG - Kartonagenfabrik und Verpackungsgro\u00dfhandel\",\"description\":\"Kartonagenfabrik und Verpackungsgro\u00dfhandel\",\"publisher\":{\"@id\":\"https:\/\/papierkarl.de\/en\/#organization\"},\"potentialAction\":[{\"@type\":\"SearchAction\",\"target\":{\"@type\":\"EntryPoint\",\"urlTemplate\":\"https:\/\/papierkarl.de\/en\/?s={search_term_string}\"},\"query-input\":{\"@type\":\"PropertyValueSpecification\",\"valueRequired\":true,\"valueName\":\"search_term_string\"}}],\"inLanguage\":\"en-US\"},{\"@type\":\"Organization\",\"@id\":\"https:\/\/papierkarl.de\/en\/#organization\",\"name\":\"Papierkarl\",\"alternateName\":\"Optimale Verpackungen aus bayern\",\"url\":\"https:\/\/papierkarl.de\/en\/\",\"logo\":{\"@type\":\"ImageObject\",\"inLanguage\":\"en-US\",\"@id\":\"https:\/\/papierkarl.de\/en\/#\/schema\/logo\/image\/\",\"url\":\"https:\/\/papierkarl.de\/wp-content\/uploads\/2023\/07\/cropped-PK_Logo.png\",\"contentUrl\":\"https:\/\/papierkarl.de\/wp-content\/uploads\/2023\/07\/cropped-PK_Logo.png\",\"width\":905,\"height\":778,\"caption\":\"Papierkarl\"},\"image\":{\"@id\":\"https:\/\/papierkarl.de\/en\/#\/schema\/logo\/image\/\"},\"sameAs\":[\"https:\/\/www.facebook.com\/Kartonagenfabrik\/\"]}]}<\/script>\n<!-- \/ Yoast SEO plugin. -->","yoast_head_json":{"title":"Imprint - Papier Karl GmbH & Co. KG - Kartonagenfabrik und Verpackungsgro\u00dfhandel","robots":{"index":"index","follow":"follow","max-snippet":"max-snippet:-1","max-image-preview":"max-image-preview:large","max-video-preview":"max-video-preview:-1"},"canonical":"https:\/\/papierkarl.de\/en\/imprint\/","og_locale":"en_US","og_type":"article","og_title":"Imprint - Papier Karl GmbH & Co. KG - Kartonagenfabrik und Verpackungsgro\u00dfhandel","og_description":"Papier Karl &#8211; Imprint Angaben gem\u00e4\u00df \u00a7 5 TMG: Papier Karl GmbH &amp; Co. Vertriebs-KGRottmanner Stra\u00dfe 1+385457 W\u00f6rth\/H\u00f6rlkofen vertreten durch die pers\u00f6nlich haftende Gesellschafterin: Papier-Karl GmbH, Registergericht: Amtsgericht M\u00fcnchen, HRB: 68125.Diese wird ihrerseits vertreten durch den Gesch\u00e4ftsf\u00fchrer: Robert Karl Kontakt: Telefon: +49 (0) 81 22 \/ 86 88 6-0Telefax: +49 (0) 81 22 \/ 86 [&hellip;]","og_url":"https:\/\/papierkarl.de\/en\/imprint\/","og_site_name":"Papier Karl GmbH &amp; Co. KG - Kartonagenfabrik und Verpackungsgro\u00dfhandel","article_publisher":"https:\/\/www.facebook.com\/Kartonagenfabrik\/","article_modified_time":"2024-05-06T10:35:53+00:00","twitter_card":"summary_large_image","schema":{"@context":"https:\/\/schema.org","@graph":[{"@type":"WebPage","@id":"https:\/\/papierkarl.de\/en\/imprint\/","url":"https:\/\/papierkarl.de\/en\/imprint\/","name":"Imprint - Papier Karl GmbH & Co. KG - Kartonagenfabrik und Verpackungsgro\u00dfhandel","isPartOf":{"@id":"https:\/\/papierkarl.de\/en\/#website"},"datePublished":"2023-07-31T15:50:46+00:00","dateModified":"2024-05-06T10:35:53+00:00","breadcrumb":{"@id":"https:\/\/papierkarl.de\/en\/imprint\/#breadcrumb"},"inLanguage":"en-US","potentialAction":[{"@type":"ReadAction","target":["https:\/\/papierkarl.de\/en\/imprint\/"]}]},{"@type":"BreadcrumbList","@id":"https:\/\/papierkarl.de\/en\/imprint\/#breadcrumb","itemListElement":[{"@type":"ListItem","position":1,"name":"Startseite","item":"https:\/\/papierkarl.de\/en\/"},{"@type":"ListItem","position":2,"name":"Imprint"}]},{"@type":"WebSite","@id":"https:\/\/papierkarl.de\/en\/#website","url":"https:\/\/papierkarl.de\/en\/","name":"Papier Karl GmbH &amp; Co. KG - Kartonagenfabrik und Verpackungsgro\u00dfhandel","description":"Kartonagenfabrik und Verpackungsgro\u00dfhandel","publisher":{"@id":"https:\/\/papierkarl.de\/en\/#organization"},"potentialAction":[{"@type":"SearchAction","target":{"@type":"EntryPoint","urlTemplate":"https:\/\/papierkarl.de\/en\/?s={search_term_string}"},"query-input":{"@type":"PropertyValueSpecification","valueRequired":true,"valueName":"search_term_string"}}],"inLanguage":"en-US"},{"@type":"Organization","@id":"https:\/\/papierkarl.de\/en\/#organization","name":"Papierkarl","alternateName":"Optimale Verpackungen aus bayern","url":"https:\/\/papierkarl.de\/en\/","logo":{"@type":"ImageObject","inLanguage":"en-US","@id":"https:\/\/papierkarl.de\/en\/#\/schema\/logo\/image\/","url":"https:\/\/papierkarl.de\/wp-content\/uploads\/2023\/07\/cropped-PK_Logo.png","contentUrl":"https:\/\/papierkarl.de\/wp-content\/uploads\/2023\/07\/cropped-PK_Logo.png","width":905,"height":778,"caption":"Papierkarl"},"image":{"@id":"https:\/\/papierkarl.de\/en\/#\/schema\/logo\/image\/"},"sameAs":["https:\/\/www.facebook.com\/Kartonagenfabrik\/"]}]}},"_links":{"self":[{"href":"https:\/\/papierkarl.de\/en\/wp-json\/wp\/v2\/pages\/2628","targetHints":{"allow":["GET"]}}],"collection":[{"href":"https:\/\/papierkarl.de\/en\/wp-json\/wp\/v2\/pages"}],"about":[{"href":"https:\/\/papierkarl.de\/en\/wp-json\/wp\/v2\/types\/page"}],"author":[{"embeddable":true,"href":"https:\/\/papierkarl.de\/en\/wp-json\/wp\/v2\/users\/2"}],"replies":[{"embeddable":true,"href":"https:\/\/papierkarl.de\/en\/wp-json\/wp\/v2\/comments?post=2628"}],"version-history":[{"count":3,"href":"https:\/\/papierkarl.de\/en\/wp-json\/wp\/v2\/pages\/2628\/revisions"}],"predecessor-version":[{"id":5583,"href":"https:\/\/papierkarl.de\/en\/wp-json\/wp\/v2\/pages\/2628\/revisions\/5583"}],"wp:attachment":[{"href":"https:\/\/papierkarl.de\/en\/wp-json\/wp\/v2\/media?parent=2628"}],"curies":[{"name":"wp","href":"https:\/\/api.w.org\/{rel}","templated":true}]}}