{"id":2594,"date":"2023-08-28T11:47:22","date_gmt":"2023-08-28T11:47:22","guid":{"rendered":"http:\/\/2023.papierkarl.de\/request\/"},"modified":"2024-02-22T18:56:06","modified_gmt":"2024-02-22T18:56:06","slug":"request","status":"publish","type":"page","link":"https:\/\/papierkarl.de\/en\/request\/","title":{"rendered":"Request"},"content":{"rendered":"\t\t<div data-elementor-type=\"wp-page\" data-elementor-id=\"2594\" class=\"elementor elementor-2594 elementor-1483\" data-elementor-post-type=\"page\">\n\t\t\t\t<div class=\"elementor-element elementor-element-5665798 e-con-full e-flex e-con e-parent\" data-id=\"5665798\" data-element_type=\"container\">\n\t\t\t\t<div class=\"elementor-element elementor-element-aea4792 elementor-widget elementor-widget-shortcode\" data-id=\"aea4792\" data-element_type=\"widget\" data-widget_type=\"shortcode.default\">\n\t\t\t\t<div class=\"elementor-widget-container\">\n\t\t\t\t\t\t\t<div class=\"elementor-shortcode\"><\/div>\n\t\t\t\t\t\t<\/div>\n\t\t\t\t<\/div>\n\t\t\t\t<\/div>\n\t\t<div class=\"elementor-element elementor-element-01736e2 e-con-full e-flex e-con e-parent\" data-id=\"01736e2\" data-element_type=\"container\" data-settings=\"{&quot;background_background&quot;:&quot;classic&quot;}\">\n\t\t<div class=\"elementor-element elementor-element-cfafe31 e-con-full e-flex e-con e-child\" data-id=\"cfafe31\" data-element_type=\"container\">\n\t\t\t\t<div class=\"elementor-element elementor-element-9b6a503 elementor-widget elementor-widget-text-editor\" data-id=\"9b6a503\" data-element_type=\"widget\" data-widget_type=\"text-editor.default\">\n\t\t\t\t<div class=\"elementor-widget-container\">\n\t\t\t\t\t\t\t\t\t<p>Papier Karl GmbH + Co.<br \/>Vertriebs-KG<br \/>Rottmanner Stra\u00dfe 1-3<br \/>85457 Woerth<\/p><p>Phone: +49 81 22 \/ 86 88 6-0<br \/>Telefax: +49 81 22 \/ 86 88 6-88<br \/>E-Mail: <a href=\"mailto:info@papierkarl.de\">info@papierkarl.de<\/a><br \/>Internet: <a href=\"https:\/\/www.papierkarl.de\">www.papierkarl.de<\/a><\/p><p>Click <a href=\"https:\/\/www.pack-haus.de\/b2c\/de\/shop\/meinkarton\/\" target=\"_blank\" rel=\"noopener\">HERE<\/a> for the box configurator.<\/p>\t\t\t\t\t\t\t\t<\/div>\n\t\t\t\t<\/div>\n\t\t\t\t<\/div>\n\t\t<div class=\"elementor-element elementor-element-bbb7eef e-con-full e-flex e-con e-child\" data-id=\"bbb7eef\" data-element_type=\"container\">\n\t\t\t\t<div class=\"elementor-element elementor-element-778574a elementor-widget elementor-widget-heading\" data-id=\"778574a\" data-element_type=\"widget\" data-widget_type=\"heading.default\">\n\t\t\t\t<div class=\"elementor-widget-container\">\n\t\t\t\t\t<h2 class=\"elementor-heading-title elementor-size-default\">YOUR INDIVIDUAL REQUEST:<\/h2>\t\t\t\t<\/div>\n\t\t\t\t<\/div>\n\t\t\t\t<div class=\"elementor-element elementor-element-619cb9f elementor-widget elementor-widget-shortcode\" data-id=\"619cb9f\" data-element_type=\"widget\" data-widget_type=\"shortcode.default\">\n\t\t\t\t<div class=\"elementor-widget-container\">\n\t\t\t\t\t\t\t<div class=\"elementor-shortcode\"><div class=\"frm_forms  with_frm_style frm_style_formidable-style\" id=\"frm_form_3_container\" >\n<form enctype=\"multipart\/form-data\" method=\"post\" class=\"frm-show-form  frm_pro_form \" id=\"form_contact-form3\" >\n<div class=\"frm_form_fields \">\n<fieldset>\n<legend class=\"frm_screen_reader\">individual requests<\/legend>\r\n\r\n<div class=\"frm_fields_container\">\n<input type=\"hidden\" name=\"frm_action\" value=\"create\" \/>\n<input type=\"hidden\" name=\"form_id\" value=\"3\" \/>\n<input type=\"hidden\" name=\"frm_hide_fields_3\" id=\"frm_hide_fields_3\" value=\"\" \/>\n<input type=\"hidden\" name=\"form_key\" value=\"contact-form3\" \/>\n<input type=\"hidden\" name=\"item_meta[0]\" value=\"\" \/>\n<input type=\"hidden\" id=\"frm_submit_entry_3\" name=\"frm_submit_entry_3\" value=\"1693df2d54\" \/><input type=\"hidden\" name=\"_wp_http_referer\" value=\"\/en\/wp-json\/wp\/v2\/pages\/2594\" \/><div id=\"frm_field_23_container\" class=\"frm_form_field form-field  frm_required_field frm_top_container frm6 frm_first\">\r\n    <label for=\"field_qh4icy3\" id=\"field_qh4icy3_label\" class=\"frm_primary_label\">Company\r\n        <span class=\"frm_required\" aria-hidden=\"true\">*<\/span>\r\n    <\/label>\r\n    <input  type=\"text\" id=\"field_qh4icy3\" name=\"item_meta[23]\" value=\"\"  placeholder=\"Company\" data-reqmsg=\"Company can not be empty.\" aria-required=\"true\" data-invmsg=\"Name is invalid\" aria-invalid=\"false\"   \/>\r\n    \r\n    \r\n<\/div>\n<div id=\"frm_field_24_container\" class=\"frm_form_field form-field  frm_required_field frm_top_container frm6\">\r\n    <label for=\"field_ocfup13\" id=\"field_ocfup13_label\" class=\"frm_primary_label\">Contact person\r\n        <span class=\"frm_required\" aria-hidden=\"true\">*<\/span>\r\n    <\/label>\r\n    <input  type=\"text\" id=\"field_ocfup13\" name=\"item_meta[24]\" value=\"\"  placeholder=\"First name last name\" data-reqmsg=\"Contact person can not be empty.\" aria-required=\"true\" data-invmsg=\"Load is invalid\" aria-invalid=\"false\"   \/>\r\n    \r\n    \r\n<\/div>\n<div id=\"frm_field_39_container\" class=\"frm_form_field form-field  frm_required_field frm_top_container frm6 frm_first\">\r\n    <label for=\"field_9thqi\" id=\"field_9thqi_label\" class=\"frm_primary_label\">Street\/Housenumber\r\n        <span class=\"frm_required\" aria-hidden=\"true\">*<\/span>\r\n    <\/label>\r\n    <input  type=\"text\" id=\"field_9thqi\" name=\"item_meta[39]\" value=\"\"  placeholder=\"Sample Street 12\" data-reqmsg=\"Street\/Housenumber can not be empty.\" aria-required=\"true\" data-invmsg=\"Name is invalid\" aria-invalid=\"false\"   \/>\r\n    \r\n    \r\n<\/div>\n<div id=\"frm_field_40_container\" class=\"frm_form_field form-field  frm_required_field frm_top_container frm6\">\r\n    <label for=\"field_lpd0e\" id=\"field_lpd0e_label\" class=\"frm_primary_label\">Postal code\/City\r\n        <span class=\"frm_required\" aria-hidden=\"true\">*<\/span>\r\n    <\/label>\r\n    <input  type=\"text\" id=\"field_lpd0e\" name=\"item_meta[40]\" value=\"\"  placeholder=\"12345 City\" data-reqmsg=\"Postal code\/City can not be empty.\" aria-required=\"true\" data-invmsg=\"Load is invalid\" aria-invalid=\"false\"   \/>\r\n    \r\n    \r\n<\/div>\n<div id=\"frm_field_30_container\" class=\"frm_form_field form-field  frm_required_field frm_top_container frm6 frm_first\">\r\n    <label for=\"field_5ing0\" id=\"field_5ing0_label\" class=\"frm_primary_label\">Phone\r\n        <span class=\"frm_required\" aria-hidden=\"true\">*<\/span>\r\n    <\/label>\r\n    <input type=\"tel\" id=\"field_5ing0\" name=\"item_meta[30]\" value=\"\"  placeholder=\"0160 123 456 78\t\" data-reqmsg=\"Phone can not be empty.\" aria-required=\"true\" data-invmsg=\"Phone is invalid\" aria-invalid=\"false\" pattern=\"((\\+\\d{1,3}(-|.| )?\\(?\\d\\)?(-| |.)?\\d{1,5})|(\\(?\\d{2,6}\\)?))(-|.| )?(\\d{3,4})(-|.| )?(\\d{4})(( x| ext)\\d{1,5}){0,1}$\"  \/>\r\n    \r\n    \r\n<\/div>\n<div id=\"frm_field_25_container\" class=\"frm_form_field form-field  frm_required_field frm_top_container frm6\">\r\n    <label for=\"field_29yf4d3\" id=\"field_29yf4d3_label\" class=\"frm_primary_label\">E-Mail\r\n        <span class=\"frm_required\" aria-hidden=\"true\">*<\/span>\r\n    <\/label>\r\n    <input type=\"email\" id=\"field_29yf4d3\" name=\"item_meta[25]\" value=\"\"  placeholder=\"m.mustermann@muster.de\t\" data-reqmsg=\"E-Mail can not be empty.\" aria-required=\"true\" data-invmsg=\"Please enter a valid email address\t\" aria-invalid=\"false\"  \/>\r\n    \r\n    \r\n<\/div>\n<div id=\"frm_field_32_container\" class=\"frm_form_field form-field  frm_required_field frm_top_container frm6 frm_first\">\r\n    <label for=\"field_zv09g\" id=\"field_zv09g_label\" class=\"frm_primary_label\">Length (mm)\r\n        <span class=\"frm_required\" aria-hidden=\"true\">*<\/span>\r\n    <\/label>\r\n    <input  type=\"text\" id=\"field_zv09g\" name=\"item_meta[32]\" value=\"\"  placeholder=\"E.g.: 200 mm\" data-reqmsg=\"Length (mm) can not be empty.\" aria-required=\"true\" data-invmsg=\"Text is invalid\" aria-invalid=\"false\"   \/>\r\n    \r\n    \r\n<\/div>\n<div id=\"frm_field_33_container\" class=\"frm_form_field form-field  frm_required_field frm_top_container frm6\">\r\n    <label for=\"field_v8rgc\" id=\"field_v8rgc_label\" class=\"frm_primary_label\">Width (mm)\r\n        <span class=\"frm_required\" aria-hidden=\"true\">*<\/span>\r\n    <\/label>\r\n    <input  type=\"text\" id=\"field_v8rgc\" name=\"item_meta[33]\" value=\"\"  placeholder=\"E.g.: 200 mm\" data-reqmsg=\"Width (mm) can not be empty.\" aria-required=\"true\" data-invmsg=\"Text is invalid\" aria-invalid=\"false\"   \/>\r\n    \r\n    \r\n<\/div>\n<div id=\"frm_field_34_container\" class=\"frm_form_field form-field  frm_required_field frm_top_container frm6 frm12 frm_first\">\r\n    <label for=\"field_xpwui\" id=\"field_xpwui_label\" class=\"frm_primary_label\">Height (mm)\r\n        <span class=\"frm_required\" aria-hidden=\"true\">*<\/span>\r\n    <\/label>\r\n    <input  type=\"text\" id=\"field_xpwui\" name=\"item_meta[34]\" value=\"\"  placeholder=\"E.g.: 200 mm\" data-reqmsg=\"Height (mm) can not be empty.\" aria-required=\"true\" data-invmsg=\"Text is invalid\" aria-invalid=\"false\"   \/>\r\n    \r\n    \r\n<\/div>\n<div id=\"frm_field_35_container\" class=\"frm_form_field form-field  frm_required_field frm_top_container frm6\">\r\n    <label for=\"field_4tf5p\" id=\"field_4tf5p_label\" class=\"frm_primary_label\">Load capacity (kg)\r\n        <span class=\"frm_required\" aria-hidden=\"true\">*<\/span>\r\n    <\/label>\r\n    <input  type=\"text\" id=\"field_4tf5p\" name=\"item_meta[35]\" value=\"\"  placeholder=\"E.g.: 10 kg\" data-reqmsg=\"Load capacity (kg) can not be empty.\" aria-required=\"true\" data-invmsg=\"Text is invalid\" aria-invalid=\"false\"   \/>\r\n    \r\n    \r\n<\/div>\n<div id=\"frm_field_26_container\" class=\"frm_form_field form-field  frm_top_container frm_full\">\r\n    <label for=\"field_9jv0r13\" id=\"field_9jv0r13_label\" class=\"frm_primary_label\">Comment:\r\n        <span class=\"frm_required\" aria-hidden=\"true\"><\/span>\r\n    <\/label>\r\n    <textarea name=\"item_meta[26]\" id=\"field_9jv0r13\" rows=\"5\"  placeholder=\"Write your comment here...\" data-invmsg=\"Message is invalid\" aria-invalid=\"false\"  ><\/textarea>\r\n    \r\n    \r\n<\/div>\n<div id=\"frm_field_27_container\" class=\"frm_form_field form-field  frm_required_field frm_top_container vertical_radio\">\r\n    <div  id=\"field_afsx93_label\" class=\"frm_primary_label\">Privacy Policy\r\n        <span class=\"frm_required\" aria-hidden=\"true\">*<\/span>\r\n    <\/div>\r\n    <div class=\"frm_opt_container\" aria-labelledby=\"field_afsx93_label\" role=\"group\">\t\t<div class=\"frm_checkbox\" id=\"frm_checkbox_27-0\">\t\t\t<label  for=\"field_afsx93-0\">\n\t\t\t<input type=\"checkbox\" name=\"item_meta[27][]\" id=\"field_afsx93-0\" value=\"Ich habe die Datenschutzerkl\u00e4rung zur Kenntnis genommen. Ich stimme zu, dass meine Angaben zur Kontaktaufnahme und f\u00fcr R\u00fcckfragen gespeichert werden. Hinweis: Sie k\u00f6nnen Ihre Einwilligung jederzeit f\u00fcr die Zukunft per Mail an info@papierkarl.de widerrufen.\"  data-reqmsg=\"Privacy Policy can not be empty.\" data-invmsg=\"Privacy Policy is invalid\" aria-invalid=\"false\"   aria-required=\"true\"  \/> I have read the Privacy Policy note. I agree that my contact details and queries will be saved. Note: You can revoke your consent at any time for the future by sending an email to info@papierkarl.de.<\/label><\/div>\n<\/div>\r\n    \r\n    \r\n<\/div>\n<input type=\"hidden\" name=\"item_meta[43]\" id=\"field_5g3ks\" value=\"en\t\"  data-frmval=\"en\t\"   \/>\n\t<input type=\"hidden\" name=\"item_key\" value=\"\" \/>\n\t\t\t\t<div class=\"frm__656855cc2bd6a\">\n\t\t\t\t<label for=\"frm_email_3\" >\n\t\t\t\t\tIf you are human, leave this field blank.\t\t\t\t<\/label>\n\t\t\t\t<input  id=\"frm_email_3\" type=\"text\" class=\"frm_verify\" name=\"frm__656855cc2bd6a\" value=\"\" autocomplete=\"off\"  \/>\n\t\t\t<\/div>\n\t\t<input name=\"frm_state\" type=\"hidden\" value=\"2IoWrbkL1duvD8eCuOsra\/\/loeEvsapVs1NGChg96EY=\" \/><div class=\"frm_submit\">\r\n\r\n<button class=\"frm_button_submit frm_final_submit\" type=\"submit\"   formnovalidate=\"formnovalidate\">Send<\/button>\r\n\r\n\r\n<\/div><\/div>\n<\/fieldset>\n<\/div>\n\n<\/form>\n<\/div>\n<\/div>\n\t\t\t\t\t\t<\/div>\n\t\t\t\t<\/div>\n\t\t\t\t<\/div>\n\t\t\t\t<\/div>\n\t\t\t\t<\/div>\n\t\t","protected":false},"excerpt":{"rendered":"<p>Papier Karl GmbH + Co.Vertriebs-KGRottmanner Stra\u00dfe 1-385457 Woerth Phone: +49 81 22 \/ 86 88 6-0Telefax: +49 81 22 \/ 86 88 6-88E-Mail: info@papierkarl.deInternet: www.papierkarl.de Click HERE for the box configurator. YOUR INDIVIDUAL REQUEST:<\/p>\n","protected":false},"author":2,"featured_media":0,"parent":0,"menu_order":0,"comment_status":"closed","ping_status":"closed","template":"","meta":{"footnotes":""},"class_list":["post-2594","page","type-page","status-publish","hentry"],"yoast_head":"<!-- This site is optimized with the Yoast SEO plugin v25.0 - https:\/\/yoast.com\/wordpress\/plugins\/seo\/ -->\n<title>Request - Papier Karl GmbH &amp; Co. KG - Kartonagenfabrik und Verpackungsgro\u00dfhandel<\/title>\n<meta name=\"robots\" content=\"index, follow, max-snippet:-1, max-image-preview:large, max-video-preview:-1\" \/>\n<link rel=\"canonical\" href=\"https:\/\/papierkarl.de\/en\/request\/\" \/>\n<meta property=\"og:locale\" content=\"en_US\" \/>\n<meta property=\"og:type\" content=\"article\" \/>\n<meta property=\"og:title\" content=\"Request - Papier Karl GmbH &amp; Co. KG - Kartonagenfabrik und Verpackungsgro\u00dfhandel\" \/>\n<meta property=\"og:description\" content=\"Papier Karl GmbH + Co.Vertriebs-KGRottmanner Stra\u00dfe 1-385457 Woerth Phone: +49 81 22 \/ 86 88 6-0Telefax: +49 81 22 \/ 86 88 6-88E-Mail: info@papierkarl.deInternet: www.papierkarl.de Click HERE for the box configurator. YOUR INDIVIDUAL REQUEST:\" \/>\n<meta property=\"og:url\" content=\"https:\/\/papierkarl.de\/en\/request\/\" \/>\n<meta property=\"og:site_name\" content=\"Papier Karl GmbH &amp; Co. KG - Kartonagenfabrik und Verpackungsgro\u00dfhandel\" \/>\n<meta property=\"article:publisher\" content=\"https:\/\/www.facebook.com\/Kartonagenfabrik\/\" \/>\n<meta property=\"article:modified_time\" content=\"2024-02-22T18:56:06+00:00\" \/>\n<meta name=\"twitter:card\" content=\"summary_large_image\" \/>\n<script type=\"application\/ld+json\" class=\"yoast-schema-graph\">{\"@context\":\"https:\/\/schema.org\",\"@graph\":[{\"@type\":\"WebPage\",\"@id\":\"https:\/\/papierkarl.de\/en\/request\/\",\"url\":\"https:\/\/papierkarl.de\/en\/request\/\",\"name\":\"Request - Papier Karl GmbH &amp; Co. KG - Kartonagenfabrik und Verpackungsgro\u00dfhandel\",\"isPartOf\":{\"@id\":\"https:\/\/papierkarl.de\/en\/#website\"},\"datePublished\":\"2023-08-28T11:47:22+00:00\",\"dateModified\":\"2024-02-22T18:56:06+00:00\",\"breadcrumb\":{\"@id\":\"https:\/\/papierkarl.de\/en\/request\/#breadcrumb\"},\"inLanguage\":\"en-US\",\"potentialAction\":[{\"@type\":\"ReadAction\",\"target\":[\"https:\/\/papierkarl.de\/en\/request\/\"]}]},{\"@type\":\"BreadcrumbList\",\"@id\":\"https:\/\/papierkarl.de\/en\/request\/#breadcrumb\",\"itemListElement\":[{\"@type\":\"ListItem\",\"position\":1,\"name\":\"Startseite\",\"item\":\"https:\/\/papierkarl.de\/en\/\"},{\"@type\":\"ListItem\",\"position\":2,\"name\":\"Request\"}]},{\"@type\":\"WebSite\",\"@id\":\"https:\/\/papierkarl.de\/en\/#website\",\"url\":\"https:\/\/papierkarl.de\/en\/\",\"name\":\"Papier Karl GmbH &amp; Co. KG - Kartonagenfabrik und Verpackungsgro\u00dfhandel\",\"description\":\"Kartonagenfabrik und Verpackungsgro\u00dfhandel\",\"publisher\":{\"@id\":\"https:\/\/papierkarl.de\/en\/#organization\"},\"potentialAction\":[{\"@type\":\"SearchAction\",\"target\":{\"@type\":\"EntryPoint\",\"urlTemplate\":\"https:\/\/papierkarl.de\/en\/?s={search_term_string}\"},\"query-input\":{\"@type\":\"PropertyValueSpecification\",\"valueRequired\":true,\"valueName\":\"search_term_string\"}}],\"inLanguage\":\"en-US\"},{\"@type\":\"Organization\",\"@id\":\"https:\/\/papierkarl.de\/en\/#organization\",\"name\":\"Papierkarl\",\"alternateName\":\"Optimale Verpackungen aus bayern\",\"url\":\"https:\/\/papierkarl.de\/en\/\",\"logo\":{\"@type\":\"ImageObject\",\"inLanguage\":\"en-US\",\"@id\":\"https:\/\/papierkarl.de\/en\/#\/schema\/logo\/image\/\",\"url\":\"https:\/\/papierkarl.de\/wp-content\/uploads\/2023\/07\/cropped-PK_Logo.png\",\"contentUrl\":\"https:\/\/papierkarl.de\/wp-content\/uploads\/2023\/07\/cropped-PK_Logo.png\",\"width\":905,\"height\":778,\"caption\":\"Papierkarl\"},\"image\":{\"@id\":\"https:\/\/papierkarl.de\/en\/#\/schema\/logo\/image\/\"},\"sameAs\":[\"https:\/\/www.facebook.com\/Kartonagenfabrik\/\"]}]}<\/script>\n<!-- \/ Yoast SEO plugin. -->","yoast_head_json":{"title":"Request - Papier Karl GmbH &amp; Co. KG - Kartonagenfabrik und Verpackungsgro\u00dfhandel","robots":{"index":"index","follow":"follow","max-snippet":"max-snippet:-1","max-image-preview":"max-image-preview:large","max-video-preview":"max-video-preview:-1"},"canonical":"https:\/\/papierkarl.de\/en\/request\/","og_locale":"en_US","og_type":"article","og_title":"Request - Papier Karl GmbH &amp; Co. KG - Kartonagenfabrik und Verpackungsgro\u00dfhandel","og_description":"Papier Karl GmbH + Co.Vertriebs-KGRottmanner Stra\u00dfe 1-385457 Woerth Phone: +49 81 22 \/ 86 88 6-0Telefax: +49 81 22 \/ 86 88 6-88E-Mail: info@papierkarl.deInternet: www.papierkarl.de Click HERE for the box configurator. YOUR INDIVIDUAL REQUEST:","og_url":"https:\/\/papierkarl.de\/en\/request\/","og_site_name":"Papier Karl GmbH &amp; Co. KG - Kartonagenfabrik und Verpackungsgro\u00dfhandel","article_publisher":"https:\/\/www.facebook.com\/Kartonagenfabrik\/","article_modified_time":"2024-02-22T18:56:06+00:00","twitter_card":"summary_large_image","schema":{"@context":"https:\/\/schema.org","@graph":[{"@type":"WebPage","@id":"https:\/\/papierkarl.de\/en\/request\/","url":"https:\/\/papierkarl.de\/en\/request\/","name":"Request - Papier Karl GmbH &amp; Co. KG - Kartonagenfabrik und Verpackungsgro\u00dfhandel","isPartOf":{"@id":"https:\/\/papierkarl.de\/en\/#website"},"datePublished":"2023-08-28T11:47:22+00:00","dateModified":"2024-02-22T18:56:06+00:00","breadcrumb":{"@id":"https:\/\/papierkarl.de\/en\/request\/#breadcrumb"},"inLanguage":"en-US","potentialAction":[{"@type":"ReadAction","target":["https:\/\/papierkarl.de\/en\/request\/"]}]},{"@type":"BreadcrumbList","@id":"https:\/\/papierkarl.de\/en\/request\/#breadcrumb","itemListElement":[{"@type":"ListItem","position":1,"name":"Startseite","item":"https:\/\/papierkarl.de\/en\/"},{"@type":"ListItem","position":2,"name":"Request"}]},{"@type":"WebSite","@id":"https:\/\/papierkarl.de\/en\/#website","url":"https:\/\/papierkarl.de\/en\/","name":"Papier Karl GmbH &amp; Co. KG - Kartonagenfabrik und Verpackungsgro\u00dfhandel","description":"Kartonagenfabrik und Verpackungsgro\u00dfhandel","publisher":{"@id":"https:\/\/papierkarl.de\/en\/#organization"},"potentialAction":[{"@type":"SearchAction","target":{"@type":"EntryPoint","urlTemplate":"https:\/\/papierkarl.de\/en\/?s={search_term_string}"},"query-input":{"@type":"PropertyValueSpecification","valueRequired":true,"valueName":"search_term_string"}}],"inLanguage":"en-US"},{"@type":"Organization","@id":"https:\/\/papierkarl.de\/en\/#organization","name":"Papierkarl","alternateName":"Optimale Verpackungen aus bayern","url":"https:\/\/papierkarl.de\/en\/","logo":{"@type":"ImageObject","inLanguage":"en-US","@id":"https:\/\/papierkarl.de\/en\/#\/schema\/logo\/image\/","url":"https:\/\/papierkarl.de\/wp-content\/uploads\/2023\/07\/cropped-PK_Logo.png","contentUrl":"https:\/\/papierkarl.de\/wp-content\/uploads\/2023\/07\/cropped-PK_Logo.png","width":905,"height":778,"caption":"Papierkarl"},"image":{"@id":"https:\/\/papierkarl.de\/en\/#\/schema\/logo\/image\/"},"sameAs":["https:\/\/www.facebook.com\/Kartonagenfabrik\/"]}]}},"_links":{"self":[{"href":"https:\/\/papierkarl.de\/en\/wp-json\/wp\/v2\/pages\/2594","targetHints":{"allow":["GET"]}}],"collection":[{"href":"https:\/\/papierkarl.de\/en\/wp-json\/wp\/v2\/pages"}],"about":[{"href":"https:\/\/papierkarl.de\/en\/wp-json\/wp\/v2\/types\/page"}],"author":[{"embeddable":true,"href":"https:\/\/papierkarl.de\/en\/wp-json\/wp\/v2\/users\/2"}],"replies":[{"embeddable":true,"href":"https:\/\/papierkarl.de\/en\/wp-json\/wp\/v2\/comments?post=2594"}],"version-history":[{"count":3,"href":"https:\/\/papierkarl.de\/en\/wp-json\/wp\/v2\/pages\/2594\/revisions"}],"predecessor-version":[{"id":5054,"href":"https:\/\/papierkarl.de\/en\/wp-json\/wp\/v2\/pages\/2594\/revisions\/5054"}],"wp:attachment":[{"href":"https:\/\/papierkarl.de\/en\/wp-json\/wp\/v2\/media?parent=2594"}],"curies":[{"name":"wp","href":"https:\/\/api.w.org\/{rel}","templated":true}]}}