{"id":2094,"date":"2023-07-31T15:07:53","date_gmt":"2023-07-31T15:07:53","guid":{"rendered":"http:\/\/2023.papierkarl.de\/contact\/"},"modified":"2024-05-06T10:25:40","modified_gmt":"2024-05-06T10:25:40","slug":"contact","status":"publish","type":"page","link":"https:\/\/papierkarl.de\/en\/contact\/","title":{"rendered":"Contact"},"content":{"rendered":"\t\t<div data-elementor-type=\"wp-page\" data-elementor-id=\"2094\" class=\"elementor elementor-2094 elementor-119\" data-elementor-post-type=\"page\">\n\t\t\t\t<div class=\"elementor-element elementor-element-5665798 e-con-full e-flex e-con e-parent\" data-id=\"5665798\" data-element_type=\"container\">\n\t\t\t\t<div class=\"elementor-element elementor-element-aea4792 elementor-widget elementor-widget-shortcode\" data-id=\"aea4792\" data-element_type=\"widget\" data-widget_type=\"shortcode.default\">\n\t\t\t\t<div class=\"elementor-widget-container\">\n\t\t\t\t\t\t\t<div class=\"elementor-shortcode\"><\/div>\n\t\t\t\t\t\t<\/div>\n\t\t\t\t<\/div>\n\t\t\t\t<\/div>\n\t\t<div class=\"elementor-element elementor-element-01736e2 e-con-full e-flex e-con e-parent\" data-id=\"01736e2\" data-element_type=\"container\" data-settings=\"{&quot;background_background&quot;:&quot;classic&quot;}\">\n\t\t<div class=\"elementor-element elementor-element-bbb7eef e-con-full e-flex e-con e-child\" data-id=\"bbb7eef\" data-element_type=\"container\">\n\t\t\t\t<div class=\"elementor-element elementor-element-778574a elementor-widget elementor-widget-heading\" data-id=\"778574a\" data-element_type=\"widget\" data-widget_type=\"heading.default\">\n\t\t\t\t<div class=\"elementor-widget-container\">\n\t\t\t\t\t<h2 class=\"elementor-heading-title elementor-size-default\">GET IN CONTACT WITH US:<\/h2>\t\t\t\t<\/div>\n\t\t\t\t<\/div>\n\t\t\t\t<div class=\"elementor-element elementor-element-619cb9f elementor-widget elementor-widget-shortcode\" data-id=\"619cb9f\" data-element_type=\"widget\" data-widget_type=\"shortcode.default\">\n\t\t\t\t<div class=\"elementor-widget-container\">\n\t\t\t\t\t\t\t<div class=\"elementor-shortcode\"><div class=\"frm_forms  with_frm_style frm_style_formidable-style\" id=\"frm_form_1_container\" >\n<form enctype=\"multipart\/form-data\" method=\"post\" class=\"frm-show-form  frm_pro_form \" id=\"form_contact-form\" >\n<div class=\"frm_form_fields \">\n<fieldset>\n<legend class=\"frm_screen_reader\">Contact Form<\/legend>\r\n\r\n<div class=\"frm_fields_container\">\n<input type=\"hidden\" name=\"frm_action\" value=\"create\" \/>\n<input type=\"hidden\" name=\"form_id\" value=\"1\" \/>\n<input type=\"hidden\" name=\"frm_hide_fields_1\" id=\"frm_hide_fields_1\" value=\"\" \/>\n<input type=\"hidden\" name=\"form_key\" value=\"contact-form\" \/>\n<input type=\"hidden\" name=\"item_meta[0]\" value=\"\" \/>\n<input type=\"hidden\" id=\"frm_submit_entry_1\" name=\"frm_submit_entry_1\" value=\"e04e2ecffc\" \/><input type=\"hidden\" name=\"_wp_http_referer\" value=\"\/en\/wp-json\/wp\/v2\/pages\/2094\" \/><div id=\"frm_field_41_container\" class=\"frm_form_field form-field  frm_required_field frm_top_container frm6 frm_first\">\r\n    <label for=\"field_twa2s\" id=\"field_twa2s_label\" class=\"frm_primary_label\">Company\r\n        <span class=\"frm_required\" aria-hidden=\"true\">*<\/span>\r\n    <\/label>\r\n    <input  type=\"text\" id=\"field_twa2s\" name=\"item_meta[41]\" value=\"\"  placeholder=\"Company\" data-reqmsg=\"Dieses Feld darf nicht leer sein.\" aria-required=\"true\" data-invmsg=\"Text is invalid\" aria-invalid=\"false\"   \/>\r\n    \r\n    \r\n<\/div>\n<div id=\"frm_field_1_container\" class=\"frm_form_field form-field  frm_required_field frm_top_container frm6 frm_first\">\r\n    <label for=\"field_qh4icy\" id=\"field_qh4icy_label\" class=\"frm_primary_label\">First Name\r\n        <span class=\"frm_required\" aria-hidden=\"true\">*<\/span>\r\n    <\/label>\r\n    <input  type=\"text\" id=\"field_qh4icy\" name=\"item_meta[1]\" value=\"\"  placeholder=\"First Name\" data-reqmsg=\"First Name can not be empty.\" aria-required=\"true\" data-invmsg=\"Name is invalid\" aria-invalid=\"false\"   \/>\r\n    \r\n    \r\n<\/div>\n<div id=\"frm_field_2_container\" class=\"frm_form_field form-field  frm_required_field frm_top_container frm6\">\r\n    <label for=\"field_ocfup1\" id=\"field_ocfup1_label\" class=\"frm_primary_label\">Last Name\r\n        <span class=\"frm_required\" aria-hidden=\"true\">*<\/span>\r\n    <\/label>\r\n    <input  type=\"text\" id=\"field_ocfup1\" name=\"item_meta[2]\" value=\"\"  placeholder=\"Last Name\" data-reqmsg=\"Last Name can not be empty.\" aria-required=\"true\" data-invmsg=\"Last Name is invalid\" aria-invalid=\"false\"   \/>\r\n    \r\n    \r\n<\/div>\n<div id=\"frm_field_3_container\" class=\"frm_form_field form-field  frm_required_field frm_top_container frm_full\">\r\n    <label for=\"field_29yf4d\" id=\"field_29yf4d_label\" class=\"frm_primary_label\">E-Mail\r\n        <span class=\"frm_required\" aria-hidden=\"true\">*<\/span>\r\n    <\/label>\r\n    <input type=\"email\" id=\"field_29yf4d\" name=\"item_meta[3]\" value=\"\"  placeholder=\"E-Mail\" data-reqmsg=\"E-Mail can not be empty.\" aria-required=\"true\" data-invmsg=\"Please enter a valid email address\t\" aria-invalid=\"false\"  \/>\r\n    \r\n    \r\n<\/div>\n<div id=\"frm_field_5_container\" class=\"frm_form_field form-field  frm_top_container frm_full\">\r\n    <label for=\"field_9jv0r1\" id=\"field_9jv0r1_label\" class=\"frm_primary_label\">Your Message\r\n        <span class=\"frm_required\" aria-hidden=\"true\"><\/span>\r\n    <\/label>\r\n    <textarea name=\"item_meta[5]\" id=\"field_9jv0r1\" rows=\"5\"  placeholder=\"Write your personal message here...\" data-invmsg=\"Message is invalid\" aria-invalid=\"false\"  ><\/textarea>\r\n    \r\n    \r\n<\/div>\n<div id=\"frm_field_8_container\" class=\"frm_form_field form-field  frm_required_field frm_top_container vertical_radio\">\r\n    <div  id=\"field_afsx9_label\" class=\"frm_primary_label\">Privacy Policy\r\n        <span class=\"frm_required\" aria-hidden=\"true\">*<\/span>\r\n    <\/div>\r\n    <div class=\"frm_opt_container\" aria-labelledby=\"field_afsx9_label\" role=\"group\">\t\t<div class=\"frm_checkbox\" id=\"frm_checkbox_8-0\">\t\t\t<label  for=\"field_afsx9-0\">\n\t\t\t<input type=\"checkbox\" name=\"item_meta[8][]\" id=\"field_afsx9-0\" value=\"Ich habe die Datenschutzerkl\u00e4rung zur Kenntnis genommen. Ich stimme zu, dass meine Angaben zur Kontaktaufnahme und f\u00fcr R\u00fcckfragen gespeichert werden. Hinweis: Sie k\u00f6nnen Ihre Einwilligung jederzeit f\u00fcr die Zukunft per Mail an info@papierkarl.de widerrufen.\"  data-reqmsg=\"Privacy Policy can not be empty.\" data-invmsg=\"Privacy Policy is invalid\" aria-invalid=\"false\"   aria-required=\"true\"  \/> I have read the Privacy Policy note. I agree that my contact details and queries will be saved. Note: You can revoke your consent at any time for the future by sending an email to info@papierkarl.de.<\/label><\/div>\n<\/div>\r\n    \r\n    \r\n<\/div>\n<div id=\"frm_field_44_container\" class=\"frm_form_field form-field  frm_none_container\">\r\n    <label for=\"g-recaptcha-response\" id=\"field_i1is4_label\" class=\"frm_primary_label\">Captcha\r\n        <span class=\"frm_required\" aria-hidden=\"true\"><\/span>\r\n    <\/label>\r\n    <div  id=\"field_i1is4\" class=\"frm-g-recaptcha\" data-sitekey=\"6Le2sCAoAAAAAAyMjp4kQXdFYft7lcBmUirZhPEb\" data-size=\"invisible\" data-theme=\"light\"><\/div>\r\n    \r\n    \r\n<\/div>\n<input type=\"hidden\" name=\"item_meta[42]\" id=\"field_tx057\" value=\"en\"  data-frmval=\"en\"   \/>\n<div id=\"frm_field_46_container\" class=\"frm_form_field form-field \">\r\n\t<div class=\"frm_submit\">\r\n\r\n<button class=\"frm_button_submit frm_final_submit\" type=\"submit\"   formnovalidate=\"formnovalidate\">Absenden<\/button>\r\n\r\n\r\n<\/div>\r\n<\/div>\n\t<input type=\"hidden\" name=\"item_key\" value=\"\" \/>\n\t\t\t\t<div class=\"frm__656855cc2bd6a\">\n\t\t\t\t<label for=\"frm_email_1\" >\n\t\t\t\t\tIf you are human, leave this field blank.\t\t\t\t<\/label>\n\t\t\t\t<input  id=\"frm_email_1\" type=\"text\" class=\"frm_verify\" name=\"frm__656855cc2bd6a\" value=\"\" autocomplete=\"off\"  \/>\n\t\t\t<\/div>\n\t\t<input name=\"frm_state\" type=\"hidden\" value=\"2IoWrbkL1duvD8eCuOsra4Losx67YHTaZguwRbhgP\/Y=\" \/><\/div>\n<\/fieldset>\n<\/div>\n\n<\/form>\n<\/div>\n<\/div>\n\t\t\t\t\t\t<\/div>\n\t\t\t\t<\/div>\n\t\t\t\t<\/div>\n\t\t<div class=\"elementor-element elementor-element-cfafe31 e-con-full e-flex e-con e-child\" data-id=\"cfafe31\" data-element_type=\"container\">\n\t\t\t\t<div class=\"elementor-element elementor-element-9b6a503 elementor-widget elementor-widget-text-editor\" data-id=\"9b6a503\" data-element_type=\"widget\" data-widget_type=\"text-editor.default\">\n\t\t\t\t<div class=\"elementor-widget-container\">\n\t\t\t\t\t\t\t\t\t<p>Papier Karl GmbH &amp; Co. Vertriebs-KG<br \/>Rottmanner Stra\u00dfe 1+3<br \/>85457 W\u00f6rth\/H\u00f6rlkofen<\/p><p>Phone: +49 (0) 81 22 \/ 86 88 6-0<br \/>Telefax: +49 (0) 81 22 \/ 86 88 6-88<br \/>E-Mail: <a href=\"mailto:info@papierkarl.de\">info@papierkarl.de<\/a><br \/>Internet: <a href=\"https:\/\/www.papierkarl.de\/pk2020\/\">www.papierkarl.de<\/a><\/p>\t\t\t\t\t\t\t\t<\/div>\n\t\t\t\t<\/div>\n\t\t\t\t<\/div>\n\t\t<div class=\"elementor-element elementor-element-387dba2 e-con-full e-flex e-con e-child\" data-id=\"387dba2\" data-element_type=\"container\">\n\t\t\t\t<div class=\"elementor-element elementor-element-d96aa21 elementor-widget elementor-widget-google_maps\" data-id=\"d96aa21\" data-element_type=\"widget\" data-widget_type=\"google_maps.default\">\n\t\t\t\t<div class=\"elementor-widget-container\">\n\t\t\t\t\t\t\t<div class=\"elementor-custom-embed\">\n\t\t\t<iframe loading=\"lazy\"\n\t\t\t\t\tsrc=\"https:\/\/maps.google.com\/maps?q=Papier%20Karl%20GmbH%20%2B%20Co.%20Vertriebs-KG%20Rottmanner%20Stra%C3%9Fe%201-3%2085457%20W%C3%B6rth&#038;t=m&#038;z=15&#038;output=embed&#038;iwloc=near\"\n\t\t\t\t\ttitle=\"Papier Karl GmbH + Co. Vertriebs-KG Rottmanner Stra\u00dfe 1-3 85457 W\u00f6rth\"\n\t\t\t\t\taria-label=\"Papier Karl GmbH + Co. Vertriebs-KG Rottmanner Stra\u00dfe 1-3 85457 W\u00f6rth\"\n\t\t\t><\/iframe>\n\t\t<\/div>\n\t\t\t\t\t\t<\/div>\n\t\t\t\t<\/div>\n\t\t\t\t<\/div>\n\t\t<div class=\"elementor-element elementor-element-b561f5f e-con-full e-flex e-con e-child\" data-id=\"b561f5f\" data-element_type=\"container\">\n\t\t\t\t<div class=\"elementor-element elementor-element-28cbde4 elementor-widget elementor-widget-image\" data-id=\"28cbde4\" data-element_type=\"widget\" data-widget_type=\"image.default\">\n\t\t\t\t<div class=\"elementor-widget-container\">\n\t\t\t\t\t\t\t\t\t\t\t\t\t\t\t<img fetchpriority=\"high\" decoding=\"async\" width=\"800\" height=\"600\" src=\"https:\/\/papierkarl.de\/wp-content\/uploads\/2023\/08\/pk-skizze-weg-bahnhof.jpg\" class=\"attachment-full size-full wp-image-2045\" alt=\"Skizze des Firmengel\u00e4ndes mit Wegweiser f\u00fcr Besucher\" srcset=\"https:\/\/papierkarl.de\/wp-content\/uploads\/2023\/08\/pk-skizze-weg-bahnhof.jpg 800w, https:\/\/papierkarl.de\/wp-content\/uploads\/2023\/08\/pk-skizze-weg-bahnhof-300x225.jpg 300w, https:\/\/papierkarl.de\/wp-content\/uploads\/2023\/08\/pk-skizze-weg-bahnhof-768x576.jpg 768w\" sizes=\"(max-width: 800px) 100vw, 800px\" \/>\t\t\t\t\t\t\t\t\t\t\t\t\t\t\t<\/div>\n\t\t\t\t<\/div>\n\t\t\t\t<\/div>\n\t\t\t\t<\/div>\n\t\t\t\t<\/div>\n\t\t","protected":false},"excerpt":{"rendered":"<p>GET IN CONTACT WITH US: Papier Karl GmbH &amp; Co. Vertriebs-KGRottmanner Stra\u00dfe 1+385457 W\u00f6rth\/H\u00f6rlkofen Phone: +49 (0) 81 22 \/ 86 88 6-0Telefax: +49 (0) 81 22 \/ 86 88 6-88E-Mail: info@papierkarl.deInternet: www.papierkarl.de<\/p>\n","protected":false},"author":2,"featured_media":0,"parent":0,"menu_order":0,"comment_status":"closed","ping_status":"closed","template":"","meta":{"footnotes":""},"class_list":["post-2094","page","type-page","status-publish","hentry"],"yoast_head":"<!-- This site is optimized with the Yoast SEO plugin v25.0 - https:\/\/yoast.com\/wordpress\/plugins\/seo\/ -->\n<title>Contact - Papier Karl GmbH &amp; Co. KG - Kartonagenfabrik und Verpackungsgro\u00dfhandel<\/title>\n<meta name=\"robots\" content=\"index, follow, max-snippet:-1, max-image-preview:large, max-video-preview:-1\" \/>\n<link rel=\"canonical\" href=\"https:\/\/papierkarl.de\/en\/contact\/\" \/>\n<meta property=\"og:locale\" content=\"en_US\" \/>\n<meta property=\"og:type\" content=\"article\" \/>\n<meta property=\"og:title\" content=\"Contact - Papier Karl GmbH &amp; Co. KG - Kartonagenfabrik und Verpackungsgro\u00dfhandel\" \/>\n<meta property=\"og:description\" content=\"GET IN CONTACT WITH US: Papier Karl GmbH &amp; Co. Vertriebs-KGRottmanner Stra\u00dfe 1+385457 W\u00f6rth\/H\u00f6rlkofen Phone: +49 (0) 81 22 \/ 86 88 6-0Telefax: +49 (0) 81 22 \/ 86 88 6-88E-Mail: info@papierkarl.deInternet: www.papierkarl.de\" \/>\n<meta property=\"og:url\" content=\"https:\/\/papierkarl.de\/en\/contact\/\" \/>\n<meta property=\"og:site_name\" content=\"Papier Karl GmbH &amp; Co. KG - Kartonagenfabrik und Verpackungsgro\u00dfhandel\" \/>\n<meta property=\"article:publisher\" content=\"https:\/\/www.facebook.com\/Kartonagenfabrik\/\" \/>\n<meta property=\"article:modified_time\" content=\"2024-05-06T10:25:40+00:00\" \/>\n<meta property=\"og:image\" content=\"https:\/\/papierkarl.de\/wp-content\/uploads\/2023\/08\/pk-skizze-weg-bahnhof.jpg\" \/>\n<meta name=\"twitter:card\" content=\"summary_large_image\" \/>\n<script type=\"application\/ld+json\" class=\"yoast-schema-graph\">{\"@context\":\"https:\/\/schema.org\",\"@graph\":[{\"@type\":\"WebPage\",\"@id\":\"https:\/\/papierkarl.de\/en\/contact\/\",\"url\":\"https:\/\/papierkarl.de\/en\/contact\/\",\"name\":\"Contact - Papier Karl GmbH &amp; Co. KG - Kartonagenfabrik und Verpackungsgro\u00dfhandel\",\"isPartOf\":{\"@id\":\"https:\/\/papierkarl.de\/en\/#website\"},\"primaryImageOfPage\":{\"@id\":\"https:\/\/papierkarl.de\/en\/contact\/#primaryimage\"},\"image\":{\"@id\":\"https:\/\/papierkarl.de\/en\/contact\/#primaryimage\"},\"thumbnailUrl\":\"https:\/\/papierkarl.de\/wp-content\/uploads\/2023\/08\/pk-skizze-weg-bahnhof.jpg\",\"datePublished\":\"2023-07-31T15:07:53+00:00\",\"dateModified\":\"2024-05-06T10:25:40+00:00\",\"breadcrumb\":{\"@id\":\"https:\/\/papierkarl.de\/en\/contact\/#breadcrumb\"},\"inLanguage\":\"en-US\",\"potentialAction\":[{\"@type\":\"ReadAction\",\"target\":[\"https:\/\/papierkarl.de\/en\/contact\/\"]}]},{\"@type\":\"ImageObject\",\"inLanguage\":\"en-US\",\"@id\":\"https:\/\/papierkarl.de\/en\/contact\/#primaryimage\",\"url\":\"https:\/\/papierkarl.de\/wp-content\/uploads\/2023\/08\/pk-skizze-weg-bahnhof.jpg\",\"contentUrl\":\"https:\/\/papierkarl.de\/wp-content\/uploads\/2023\/08\/pk-skizze-weg-bahnhof.jpg\"},{\"@type\":\"BreadcrumbList\",\"@id\":\"https:\/\/papierkarl.de\/en\/contact\/#breadcrumb\",\"itemListElement\":[{\"@type\":\"ListItem\",\"position\":1,\"name\":\"Startseite\",\"item\":\"https:\/\/papierkarl.de\/en\/\"},{\"@type\":\"ListItem\",\"position\":2,\"name\":\"Contact\"}]},{\"@type\":\"WebSite\",\"@id\":\"https:\/\/papierkarl.de\/en\/#website\",\"url\":\"https:\/\/papierkarl.de\/en\/\",\"name\":\"Papier Karl GmbH &amp; Co. KG - Kartonagenfabrik und Verpackungsgro\u00dfhandel\",\"description\":\"Kartonagenfabrik und Verpackungsgro\u00dfhandel\",\"publisher\":{\"@id\":\"https:\/\/papierkarl.de\/en\/#organization\"},\"potentialAction\":[{\"@type\":\"SearchAction\",\"target\":{\"@type\":\"EntryPoint\",\"urlTemplate\":\"https:\/\/papierkarl.de\/en\/?s={search_term_string}\"},\"query-input\":{\"@type\":\"PropertyValueSpecification\",\"valueRequired\":true,\"valueName\":\"search_term_string\"}}],\"inLanguage\":\"en-US\"},{\"@type\":\"Organization\",\"@id\":\"https:\/\/papierkarl.de\/en\/#organization\",\"name\":\"Papierkarl\",\"alternateName\":\"Optimale Verpackungen aus bayern\",\"url\":\"https:\/\/papierkarl.de\/en\/\",\"logo\":{\"@type\":\"ImageObject\",\"inLanguage\":\"en-US\",\"@id\":\"https:\/\/papierkarl.de\/en\/#\/schema\/logo\/image\/\",\"url\":\"https:\/\/papierkarl.de\/wp-content\/uploads\/2023\/07\/cropped-PK_Logo.png\",\"contentUrl\":\"https:\/\/papierkarl.de\/wp-content\/uploads\/2023\/07\/cropped-PK_Logo.png\",\"width\":905,\"height\":778,\"caption\":\"Papierkarl\"},\"image\":{\"@id\":\"https:\/\/papierkarl.de\/en\/#\/schema\/logo\/image\/\"},\"sameAs\":[\"https:\/\/www.facebook.com\/Kartonagenfabrik\/\"]}]}<\/script>\n<!-- \/ Yoast SEO plugin. -->","yoast_head_json":{"title":"Contact - Papier Karl GmbH &amp; Co. KG - Kartonagenfabrik und Verpackungsgro\u00dfhandel","robots":{"index":"index","follow":"follow","max-snippet":"max-snippet:-1","max-image-preview":"max-image-preview:large","max-video-preview":"max-video-preview:-1"},"canonical":"https:\/\/papierkarl.de\/en\/contact\/","og_locale":"en_US","og_type":"article","og_title":"Contact - Papier Karl GmbH &amp; Co. KG - Kartonagenfabrik und Verpackungsgro\u00dfhandel","og_description":"GET IN CONTACT WITH US: Papier Karl GmbH &amp; Co. Vertriebs-KGRottmanner Stra\u00dfe 1+385457 W\u00f6rth\/H\u00f6rlkofen Phone: +49 (0) 81 22 \/ 86 88 6-0Telefax: +49 (0) 81 22 \/ 86 88 6-88E-Mail: info@papierkarl.deInternet: www.papierkarl.de","og_url":"https:\/\/papierkarl.de\/en\/contact\/","og_site_name":"Papier Karl GmbH &amp; Co. KG - Kartonagenfabrik und Verpackungsgro\u00dfhandel","article_publisher":"https:\/\/www.facebook.com\/Kartonagenfabrik\/","article_modified_time":"2024-05-06T10:25:40+00:00","og_image":[{"url":"https:\/\/papierkarl.de\/wp-content\/uploads\/2023\/08\/pk-skizze-weg-bahnhof.jpg","type":"","width":"","height":""}],"twitter_card":"summary_large_image","schema":{"@context":"https:\/\/schema.org","@graph":[{"@type":"WebPage","@id":"https:\/\/papierkarl.de\/en\/contact\/","url":"https:\/\/papierkarl.de\/en\/contact\/","name":"Contact - Papier Karl GmbH &amp; Co. KG - Kartonagenfabrik und Verpackungsgro\u00dfhandel","isPartOf":{"@id":"https:\/\/papierkarl.de\/en\/#website"},"primaryImageOfPage":{"@id":"https:\/\/papierkarl.de\/en\/contact\/#primaryimage"},"image":{"@id":"https:\/\/papierkarl.de\/en\/contact\/#primaryimage"},"thumbnailUrl":"https:\/\/papierkarl.de\/wp-content\/uploads\/2023\/08\/pk-skizze-weg-bahnhof.jpg","datePublished":"2023-07-31T15:07:53+00:00","dateModified":"2024-05-06T10:25:40+00:00","breadcrumb":{"@id":"https:\/\/papierkarl.de\/en\/contact\/#breadcrumb"},"inLanguage":"en-US","potentialAction":[{"@type":"ReadAction","target":["https:\/\/papierkarl.de\/en\/contact\/"]}]},{"@type":"ImageObject","inLanguage":"en-US","@id":"https:\/\/papierkarl.de\/en\/contact\/#primaryimage","url":"https:\/\/papierkarl.de\/wp-content\/uploads\/2023\/08\/pk-skizze-weg-bahnhof.jpg","contentUrl":"https:\/\/papierkarl.de\/wp-content\/uploads\/2023\/08\/pk-skizze-weg-bahnhof.jpg"},{"@type":"BreadcrumbList","@id":"https:\/\/papierkarl.de\/en\/contact\/#breadcrumb","itemListElement":[{"@type":"ListItem","position":1,"name":"Startseite","item":"https:\/\/papierkarl.de\/en\/"},{"@type":"ListItem","position":2,"name":"Contact"}]},{"@type":"WebSite","@id":"https:\/\/papierkarl.de\/en\/#website","url":"https:\/\/papierkarl.de\/en\/","name":"Papier Karl GmbH &amp; Co. KG - Kartonagenfabrik und Verpackungsgro\u00dfhandel","description":"Kartonagenfabrik und Verpackungsgro\u00dfhandel","publisher":{"@id":"https:\/\/papierkarl.de\/en\/#organization"},"potentialAction":[{"@type":"SearchAction","target":{"@type":"EntryPoint","urlTemplate":"https:\/\/papierkarl.de\/en\/?s={search_term_string}"},"query-input":{"@type":"PropertyValueSpecification","valueRequired":true,"valueName":"search_term_string"}}],"inLanguage":"en-US"},{"@type":"Organization","@id":"https:\/\/papierkarl.de\/en\/#organization","name":"Papierkarl","alternateName":"Optimale Verpackungen aus bayern","url":"https:\/\/papierkarl.de\/en\/","logo":{"@type":"ImageObject","inLanguage":"en-US","@id":"https:\/\/papierkarl.de\/en\/#\/schema\/logo\/image\/","url":"https:\/\/papierkarl.de\/wp-content\/uploads\/2023\/07\/cropped-PK_Logo.png","contentUrl":"https:\/\/papierkarl.de\/wp-content\/uploads\/2023\/07\/cropped-PK_Logo.png","width":905,"height":778,"caption":"Papierkarl"},"image":{"@id":"https:\/\/papierkarl.de\/en\/#\/schema\/logo\/image\/"},"sameAs":["https:\/\/www.facebook.com\/Kartonagenfabrik\/"]}]}},"_links":{"self":[{"href":"https:\/\/papierkarl.de\/en\/wp-json\/wp\/v2\/pages\/2094","targetHints":{"allow":["GET"]}}],"collection":[{"href":"https:\/\/papierkarl.de\/en\/wp-json\/wp\/v2\/pages"}],"about":[{"href":"https:\/\/papierkarl.de\/en\/wp-json\/wp\/v2\/types\/page"}],"author":[{"embeddable":true,"href":"https:\/\/papierkarl.de\/en\/wp-json\/wp\/v2\/users\/2"}],"replies":[{"embeddable":true,"href":"https:\/\/papierkarl.de\/en\/wp-json\/wp\/v2\/comments?post=2094"}],"version-history":[{"count":3,"href":"https:\/\/papierkarl.de\/en\/wp-json\/wp\/v2\/pages\/2094\/revisions"}],"predecessor-version":[{"id":5574,"href":"https:\/\/papierkarl.de\/en\/wp-json\/wp\/v2\/pages\/2094\/revisions\/5574"}],"wp:attachment":[{"href":"https:\/\/papierkarl.de\/en\/wp-json\/wp\/v2\/media?parent=2094"}],"curies":[{"name":"wp","href":"https:\/\/api.w.org\/{rel}","templated":true}]}}